{"id":982,"date":"2022-02-28T21:56:14","date_gmt":"2022-03-01T02:56:14","guid":{"rendered":"https:\/\/disuctronicos.com\/?post_type=product&#038;p=982"},"modified":"2026-03-26T22:52:09","modified_gmt":"2026-03-27T03:52:09","slug":"lampara-t5-led-18w-120cm-luz-color-verde","status":"publish","type":"product","link":"https:\/\/disuctronicos.com\/index.php\/producto\/lampara-t5-led-18w-120cm-luz-color-verde\/","title":{"rendered":"Lampara T5 Led 18W 120 Centimetros Luz Verde"},"content":{"rendered":"<p>L\u00e1mpara LED T5 18 Watts 120 cms LUZ VERDE, dise\u00f1ado en aluminio, con accesorios incluido para instalaci\u00f3n de sobreponer y uniones que permite realizar conexiones entre l\u00e1mparas<\/p>\n","protected":false},"excerpt":{"rendered":"<p>LAMPARA T5 LED 18W 120CMS LUZ COLOR VERDE<\/p>\n","protected":false},"featured_media":2363,"comment_status":"open","ping_status":"closed","template":"","meta":{"_joinchat":[]},"product_brand":[],"product_cat":[47,48],"product_tag":[24,22,77,25,27,30,23,26,318,28,31],"class_list":{"0":"post-982","1":"product","2":"type-product","3":"status-publish","4":"has-post-thumbnail","6":"product_cat-iluminacion","7":"product_cat-iluminacion-led","8":"product_tag-construccion","9":"product_tag-decoracion","10":"product_tag-disuctronicos","11":"product_tag-electricista","12":"product_tag-hogar","13":"product_tag-iluminacion","14":"product_tag-ingeniero","15":"product_tag-instalador","16":"product_tag-lampara-t5-led-18w-120-centimetros-luz-color-verde","17":"product_tag-oficina","18":"product_tag-remodelacion","20":"first","21":"instock","22":"taxable","23":"shipping-taxable","24":"purchasable","25":"product-type-simple"},"_links":{"self":[{"href":"https:\/\/disuctronicos.com\/index.php\/wp-json\/wp\/v2\/product\/982","targetHints":{"allow":["GET"]}}],"collection":[{"href":"https:\/\/disuctronicos.com\/index.php\/wp-json\/wp\/v2\/product"}],"about":[{"href":"https:\/\/disuctronicos.com\/index.php\/wp-json\/wp\/v2\/types\/product"}],"replies":[{"embeddable":true,"href":"https:\/\/disuctronicos.com\/index.php\/wp-json\/wp\/v2\/comments?post=982"}],"wp:featuredmedia":[{"embeddable":true,"href":"https:\/\/disuctronicos.com\/index.php\/wp-json\/wp\/v2\/media\/2363"}],"wp:attachment":[{"href":"https:\/\/disuctronicos.com\/index.php\/wp-json\/wp\/v2\/media?parent=982"}],"wp:term":[{"taxonomy":"product_brand","embeddable":true,"href":"https:\/\/disuctronicos.com\/index.php\/wp-json\/wp\/v2\/product_brand?post=982"},{"taxonomy":"product_cat","embeddable":true,"href":"https:\/\/disuctronicos.com\/index.php\/wp-json\/wp\/v2\/product_cat?post=982"},{"taxonomy":"product_tag","embeddable":true,"href":"https:\/\/disuctronicos.com\/index.php\/wp-json\/wp\/v2\/product_tag?post=982"}],"curies":[{"name":"wp","href":"https:\/\/api.w.org\/{rel}","templated":true}]}}