{"id":948,"date":"2022-02-28T15:23:46","date_gmt":"2022-02-28T20:23:46","guid":{"rendered":"https:\/\/disuctronicos.com\/?post_type=product&#038;p=948"},"modified":"2026-03-26T22:08:22","modified_gmt":"2026-03-27T03:08:22","slug":"lampara-t5-led-5w-30cms-luz-blanca","status":"publish","type":"product","link":"https:\/\/disuctronicos.com\/index.php\/producto\/lampara-t5-led-5w-30cms-luz-blanca\/","title":{"rendered":"Lampara T5 Led 5W 30 Centimetros Luz Blanca"},"content":{"rendered":"<p>L\u00e1mpara LED T5 5 Watts 30 cms LUZ BLANCA, dise\u00f1ado en aluminio, con accesorios incluido para instalaci\u00f3n de sobreponer y uniones que permite realizar conexiones entre l\u00e1mparas<\/p>\n","protected":false},"excerpt":{"rendered":"<p>Lampara T5 LED 5W 30 cms Luz color BLANCA<\/p>\n","protected":false},"featured_media":2316,"comment_status":"open","ping_status":"closed","template":"","meta":{"_joinchat":[]},"product_brand":[],"product_cat":[47,48],"product_tag":[24,22,77,25,27,30,23,26,335,28,31],"class_list":{"0":"post-948","1":"product","2":"type-product","3":"status-publish","4":"has-post-thumbnail","6":"product_cat-iluminacion","7":"product_cat-iluminacion-led","8":"product_tag-construccion","9":"product_tag-decoracion","10":"product_tag-disuctronicos","11":"product_tag-electricista","12":"product_tag-hogar","13":"product_tag-iluminacion","14":"product_tag-ingeniero","15":"product_tag-instalador","16":"product_tag-lampara-t5-led-9w-60-centimetros-luz-blanca","17":"product_tag-oficina","18":"product_tag-remodelacion","20":"first","21":"instock","22":"taxable","23":"shipping-taxable","24":"purchasable","25":"product-type-simple"},"_links":{"self":[{"href":"https:\/\/disuctronicos.com\/index.php\/wp-json\/wp\/v2\/product\/948","targetHints":{"allow":["GET"]}}],"collection":[{"href":"https:\/\/disuctronicos.com\/index.php\/wp-json\/wp\/v2\/product"}],"about":[{"href":"https:\/\/disuctronicos.com\/index.php\/wp-json\/wp\/v2\/types\/product"}],"replies":[{"embeddable":true,"href":"https:\/\/disuctronicos.com\/index.php\/wp-json\/wp\/v2\/comments?post=948"}],"wp:featuredmedia":[{"embeddable":true,"href":"https:\/\/disuctronicos.com\/index.php\/wp-json\/wp\/v2\/media\/2316"}],"wp:attachment":[{"href":"https:\/\/disuctronicos.com\/index.php\/wp-json\/wp\/v2\/media?parent=948"}],"wp:term":[{"taxonomy":"product_brand","embeddable":true,"href":"https:\/\/disuctronicos.com\/index.php\/wp-json\/wp\/v2\/product_brand?post=948"},{"taxonomy":"product_cat","embeddable":true,"href":"https:\/\/disuctronicos.com\/index.php\/wp-json\/wp\/v2\/product_cat?post=948"},{"taxonomy":"product_tag","embeddable":true,"href":"https:\/\/disuctronicos.com\/index.php\/wp-json\/wp\/v2\/product_tag?post=948"}],"curies":[{"name":"wp","href":"https:\/\/api.w.org\/{rel}","templated":true}]}}