{"id":918,"date":"2022-02-27T19:49:58","date_gmt":"2022-02-28T00:49:58","guid":{"rendered":"https:\/\/disuctronicos.com\/?post_type=product&#038;p=918"},"modified":"2023-08-04T20:06:53","modified_gmt":"2023-08-05T01:06:53","slug":"bulbo-halogeno-g4-12v-20w","status":"publish","type":"product","link":"https:\/\/disuctronicos.com\/index.php\/producto\/bulbo-halogeno-g4-12v-20w\/","title":{"rendered":"Bulbo Halogeno G4 12V-20W"},"content":{"rendered":"<p>BULBO HALOGENO 12V 20W BASE G4 blanco c\u00e1lido 3.500 horas vida \u00fatil. Di\u00e1metro:0.8cm<br \/>\nAltura:2.8cm<\/p>\n","protected":false},"excerpt":{"rendered":"<p>Bulbo hal\u00f3geno G4 bipin 12V-20W<\/p>\n","protected":false},"featured_media":2727,"comment_status":"open","ping_status":"closed","template":"","meta":{"_joinchat":[]},"product_brand":[],"product_cat":[47,49],"product_tag":[354,24,22,77,25,27,30,23,26,28,31],"class_list":{"0":"post-918","1":"product","2":"type-product","3":"status-publish","4":"has-post-thumbnail","6":"product_cat-iluminacion","7":"product_cat-iluminacion-halogena","8":"product_tag-bulbo-halogeno-g4-12v-20w","9":"product_tag-construccion","10":"product_tag-decoracion","11":"product_tag-disuctronicos","12":"product_tag-electricista","13":"product_tag-hogar","14":"product_tag-iluminacion","15":"product_tag-ingeniero","16":"product_tag-instalador","17":"product_tag-oficina","18":"product_tag-remodelacion","20":"first","21":"instock","22":"taxable","23":"shipping-taxable","24":"purchasable","25":"product-type-simple"},"_links":{"self":[{"href":"https:\/\/disuctronicos.com\/index.php\/wp-json\/wp\/v2\/product\/918","targetHints":{"allow":["GET"]}}],"collection":[{"href":"https:\/\/disuctronicos.com\/index.php\/wp-json\/wp\/v2\/product"}],"about":[{"href":"https:\/\/disuctronicos.com\/index.php\/wp-json\/wp\/v2\/types\/product"}],"replies":[{"embeddable":true,"href":"https:\/\/disuctronicos.com\/index.php\/wp-json\/wp\/v2\/comments?post=918"}],"wp:featuredmedia":[{"embeddable":true,"href":"https:\/\/disuctronicos.com\/index.php\/wp-json\/wp\/v2\/media\/2727"}],"wp:attachment":[{"href":"https:\/\/disuctronicos.com\/index.php\/wp-json\/wp\/v2\/media?parent=918"}],"wp:term":[{"taxonomy":"product_brand","embeddable":true,"href":"https:\/\/disuctronicos.com\/index.php\/wp-json\/wp\/v2\/product_brand?post=918"},{"taxonomy":"product_cat","embeddable":true,"href":"https:\/\/disuctronicos.com\/index.php\/wp-json\/wp\/v2\/product_cat?post=918"},{"taxonomy":"product_tag","embeddable":true,"href":"https:\/\/disuctronicos.com\/index.php\/wp-json\/wp\/v2\/product_tag?post=918"}],"curies":[{"name":"wp","href":"https:\/\/api.w.org\/{rel}","templated":true}]}}