{"id":888,"date":"2022-02-26T20:52:54","date_gmt":"2022-02-27T01:52:54","guid":{"rendered":"https:\/\/disuctronicos.com\/?post_type=product&#038;p=888"},"modified":"2026-03-28T15:44:32","modified_gmt":"2026-03-28T20:44:32","slug":"888","status":"publish","type":"product","link":"https:\/\/disuctronicos.com\/index.php\/producto\/888\/","title":{"rendered":"Puente Rectificador Diodos 25A 1.000V"},"content":{"rendered":"<p>Puente Rectificador 25A\/1000V KBPC:rectificador de puente monof\u00e1sico con terminales Faston chapados y montaje de orificio pasante para tornillo #10. El rectificador de puente presenta una caja met\u00e1lica aislada el\u00e9ctricamente para una m\u00e1xima disipaci\u00f3n de calor. Polaridad marcada en el cuerpo. Un\u00a0puente rectificador es un\u00a0circuito electr\u00f3nico\u00a0usado en la conversi\u00f3n de\u00a0corriente alterna\u00a0en\u00a0corriente continua.<\/p>\n","protected":false},"excerpt":{"rendered":"<p>Puente Rectificador 25A\/1000V KBPC circuito electr\u00f3nico\u00a0usado en la conversi\u00f3n de\u00a0corriente alterna\u00a0en\u00a0corriente continua.<\/p>\n","protected":false},"featured_media":2762,"comment_status":"open","ping_status":"closed","template":"","meta":{"_joinchat":[]},"product_brand":[],"product_cat":[38,39],"product_tag":[44,77,45,368,40,23,41,367,43,42],"class_list":{"0":"post-888","1":"product","2":"type-product","3":"status-publish","4":"has-post-thumbnail","6":"product_cat-componentes-electronicos-audio-y-video","7":"product_cat-electronica-estudiantil","8":"product_tag-componentes","9":"product_tag-disuctronicos","10":"product_tag-electronica","11":"product_tag-electronica-estudiantil-usme","12":"product_tag-estudiante","13":"product_tag-ingeniero","14":"product_tag-proyectos","15":"product_tag-puente-rectificador-diodos-25-amperios-1-000-voltios","16":"product_tag-talleres","17":"product_tag-tecnologia","19":"first","20":"instock","21":"taxable","22":"shipping-taxable","23":"purchasable","24":"product-type-simple"},"_links":{"self":[{"href":"https:\/\/disuctronicos.com\/index.php\/wp-json\/wp\/v2\/product\/888","targetHints":{"allow":["GET"]}}],"collection":[{"href":"https:\/\/disuctronicos.com\/index.php\/wp-json\/wp\/v2\/product"}],"about":[{"href":"https:\/\/disuctronicos.com\/index.php\/wp-json\/wp\/v2\/types\/product"}],"replies":[{"embeddable":true,"href":"https:\/\/disuctronicos.com\/index.php\/wp-json\/wp\/v2\/comments?post=888"}],"wp:featuredmedia":[{"embeddable":true,"href":"https:\/\/disuctronicos.com\/index.php\/wp-json\/wp\/v2\/media\/2762"}],"wp:attachment":[{"href":"https:\/\/disuctronicos.com\/index.php\/wp-json\/wp\/v2\/media?parent=888"}],"wp:term":[{"taxonomy":"product_brand","embeddable":true,"href":"https:\/\/disuctronicos.com\/index.php\/wp-json\/wp\/v2\/product_brand?post=888"},{"taxonomy":"product_cat","embeddable":true,"href":"https:\/\/disuctronicos.com\/index.php\/wp-json\/wp\/v2\/product_cat?post=888"},{"taxonomy":"product_tag","embeddable":true,"href":"https:\/\/disuctronicos.com\/index.php\/wp-json\/wp\/v2\/product_tag?post=888"}],"curies":[{"name":"wp","href":"https:\/\/api.w.org\/{rel}","templated":true}]}}