{"id":880,"date":"2022-02-25T21:56:08","date_gmt":"2022-02-26T02:56:08","guid":{"rendered":"https:\/\/disuctronicos.com\/?post_type=product&#038;p=880"},"modified":"2026-03-28T15:57:27","modified_gmt":"2026-03-28T20:57:27","slug":"soldadura-60-40-x-1-2-libra","status":"publish","type":"product","link":"https:\/\/disuctronicos.com\/index.php\/producto\/soldadura-60-40-x-1-2-libra\/","title":{"rendered":"Soldadura Tech 60\/40 X 1\/2 Libra"},"content":{"rendered":"<p>Rollo de soldadura Aleaci\u00f3n bimetal: 60% Esta\u00f1o, 40% Plomo, di\u00e1metro 1mm x 1\/2 libra marca TECH<\/p>\n","protected":false},"excerpt":{"rendered":"<p>Rollo de soldadura de Esta\u00f1o 60\/40 1mm X 1\/2 libra<\/p>\n","protected":false},"featured_media":2768,"comment_status":"open","ping_status":"closed","template":"","meta":{"_joinchat":[]},"product_brand":[],"product_cat":[38,39],"product_tag":[44,77,45,368,40,23,41,372,43,42],"class_list":{"0":"post-880","1":"product","2":"type-product","3":"status-publish","4":"has-post-thumbnail","6":"product_cat-componentes-electronicos-audio-y-video","7":"product_cat-electronica-estudiantil","8":"product_tag-componentes","9":"product_tag-disuctronicos","10":"product_tag-electronica","11":"product_tag-electronica-estudiantil-usme","12":"product_tag-estudiante","13":"product_tag-ingeniero","14":"product_tag-proyectos","15":"product_tag-soldadura-tech-60-40-por-500-gramos","16":"product_tag-talleres","17":"product_tag-tecnologia","19":"first","20":"instock","21":"taxable","22":"shipping-taxable","23":"purchasable","24":"product-type-simple"},"_links":{"self":[{"href":"https:\/\/disuctronicos.com\/index.php\/wp-json\/wp\/v2\/product\/880","targetHints":{"allow":["GET"]}}],"collection":[{"href":"https:\/\/disuctronicos.com\/index.php\/wp-json\/wp\/v2\/product"}],"about":[{"href":"https:\/\/disuctronicos.com\/index.php\/wp-json\/wp\/v2\/types\/product"}],"replies":[{"embeddable":true,"href":"https:\/\/disuctronicos.com\/index.php\/wp-json\/wp\/v2\/comments?post=880"}],"wp:featuredmedia":[{"embeddable":true,"href":"https:\/\/disuctronicos.com\/index.php\/wp-json\/wp\/v2\/media\/2768"}],"wp:attachment":[{"href":"https:\/\/disuctronicos.com\/index.php\/wp-json\/wp\/v2\/media?parent=880"}],"wp:term":[{"taxonomy":"product_brand","embeddable":true,"href":"https:\/\/disuctronicos.com\/index.php\/wp-json\/wp\/v2\/product_brand?post=880"},{"taxonomy":"product_cat","embeddable":true,"href":"https:\/\/disuctronicos.com\/index.php\/wp-json\/wp\/v2\/product_cat?post=880"},{"taxonomy":"product_tag","embeddable":true,"href":"https:\/\/disuctronicos.com\/index.php\/wp-json\/wp\/v2\/product_tag?post=880"}],"curies":[{"name":"wp","href":"https:\/\/api.w.org\/{rel}","templated":true}]}}