{"id":842,"date":"2022-02-24T21:07:30","date_gmt":"2022-02-25T02:07:30","guid":{"rendered":"https:\/\/disuctronicos.com\/?post_type=product&#038;p=842"},"modified":"2026-03-28T22:11:53","modified_gmt":"2026-03-29T03:11:53","slug":"842","status":"publish","type":"product","link":"https:\/\/disuctronicos.com\/index.php\/producto\/842\/","title":{"rendered":"Diodo LED 5 milimetros"},"content":{"rendered":"<p><span style=\"font-size: large;\">Los diodos emisores de luz visible son utilizados en grandes cantidades como indicadores piloto, dispositivos de presentaci\u00f3n num\u00e9rica y dispositivos de presentaci\u00f3n de barras, tanto para aplicaciones dom\u00e9sticas como para equipos <\/span><span style=\"font-size: large;\">industriales, Sus<\/span> siglas provienen del Ingles (Light Emitting Diode):LED .disponibilidad en colores<\/p>\n","protected":false},"excerpt":{"rendered":"<p>Los diodos emisores de luz visible, sus\u00a0siglas provienen del Ingles (Light Emitting Diode):LED .Disponibilidad en colores<\/p>\n","protected":false},"featured_media":2801,"comment_status":"open","ping_status":"closed","template":"","meta":{"_joinchat":[]},"product_brand":[],"product_cat":[38,39],"product_tag":[44,393,77,45,368,40,23,41,43,42],"class_list":{"0":"post-842","1":"product","2":"type-product","3":"status-publish","4":"has-post-thumbnail","6":"product_cat-componentes-electronicos-audio-y-video","7":"product_cat-electronica-estudiantil","8":"product_tag-componentes","9":"product_tag-diodo-led-5-milimetros","10":"product_tag-disuctronicos","11":"product_tag-electronica","12":"product_tag-electronica-estudiantil-usme","13":"product_tag-estudiante","14":"product_tag-ingeniero","15":"product_tag-proyectos","16":"product_tag-talleres","17":"product_tag-tecnologia","19":"first","20":"instock","21":"taxable","22":"shipping-taxable","23":"purchasable","24":"product-type-simple"},"_links":{"self":[{"href":"https:\/\/disuctronicos.com\/index.php\/wp-json\/wp\/v2\/product\/842","targetHints":{"allow":["GET"]}}],"collection":[{"href":"https:\/\/disuctronicos.com\/index.php\/wp-json\/wp\/v2\/product"}],"about":[{"href":"https:\/\/disuctronicos.com\/index.php\/wp-json\/wp\/v2\/types\/product"}],"replies":[{"embeddable":true,"href":"https:\/\/disuctronicos.com\/index.php\/wp-json\/wp\/v2\/comments?post=842"}],"wp:featuredmedia":[{"embeddable":true,"href":"https:\/\/disuctronicos.com\/index.php\/wp-json\/wp\/v2\/media\/2801"}],"wp:attachment":[{"href":"https:\/\/disuctronicos.com\/index.php\/wp-json\/wp\/v2\/media?parent=842"}],"wp:term":[{"taxonomy":"product_brand","embeddable":true,"href":"https:\/\/disuctronicos.com\/index.php\/wp-json\/wp\/v2\/product_brand?post=842"},{"taxonomy":"product_cat","embeddable":true,"href":"https:\/\/disuctronicos.com\/index.php\/wp-json\/wp\/v2\/product_cat?post=842"},{"taxonomy":"product_tag","embeddable":true,"href":"https:\/\/disuctronicos.com\/index.php\/wp-json\/wp\/v2\/product_tag?post=842"}],"curies":[{"name":"wp","href":"https:\/\/api.w.org\/{rel}","templated":true}]}}