{"id":831,"date":"2022-02-24T17:11:24","date_gmt":"2022-02-24T22:11:24","guid":{"rendered":"https:\/\/disuctronicos.com\/?post_type=product&#038;p=831"},"modified":"2026-03-28T22:31:31","modified_gmt":"2026-03-29T03:31:31","slug":"cautin-40w-resistencia-ceramica","status":"publish","type":"product","link":"https:\/\/disuctronicos.com\/index.php\/producto\/cautin-40w-resistencia-ceramica\/","title":{"rendered":"Cautin 40W Resistencia Ceramica"},"content":{"rendered":"<p>Caut\u00edn 40W tipo l\u00e1piz resistencia cer\u00e1mica 110-120VAC,punta de cobre recubierta en acero y cromo<\/p>\n","protected":false},"excerpt":{"rendered":"<p>Cautin 40W tipo lapiz resistencia cer\u00e1mica 110-120VAC,punta de cobre recubierta en acero y cromo<\/p>\n","protected":false},"featured_media":2812,"comment_status":"open","ping_status":"closed","template":"","meta":{"_joinchat":[]},"product_brand":[],"product_cat":[38,39],"product_tag":[398,44,77,45,368,40,23,41,43,42],"class_list":{"0":"post-831","1":"product","2":"type-product","3":"status-publish","4":"has-post-thumbnail","6":"product_cat-componentes-electronicos-audio-y-video","7":"product_cat-electronica-estudiantil","8":"product_tag-cautin-40w-resistencia-ceramica","9":"product_tag-componentes","10":"product_tag-disuctronicos","11":"product_tag-electronica","12":"product_tag-electronica-estudiantil-usme","13":"product_tag-estudiante","14":"product_tag-ingeniero","15":"product_tag-proyectos","16":"product_tag-talleres","17":"product_tag-tecnologia","19":"first","20":"instock","21":"taxable","22":"shipping-taxable","23":"purchasable","24":"product-type-simple"},"_links":{"self":[{"href":"https:\/\/disuctronicos.com\/index.php\/wp-json\/wp\/v2\/product\/831","targetHints":{"allow":["GET"]}}],"collection":[{"href":"https:\/\/disuctronicos.com\/index.php\/wp-json\/wp\/v2\/product"}],"about":[{"href":"https:\/\/disuctronicos.com\/index.php\/wp-json\/wp\/v2\/types\/product"}],"replies":[{"embeddable":true,"href":"https:\/\/disuctronicos.com\/index.php\/wp-json\/wp\/v2\/comments?post=831"}],"wp:featuredmedia":[{"embeddable":true,"href":"https:\/\/disuctronicos.com\/index.php\/wp-json\/wp\/v2\/media\/2812"}],"wp:attachment":[{"href":"https:\/\/disuctronicos.com\/index.php\/wp-json\/wp\/v2\/media?parent=831"}],"wp:term":[{"taxonomy":"product_brand","embeddable":true,"href":"https:\/\/disuctronicos.com\/index.php\/wp-json\/wp\/v2\/product_brand?post=831"},{"taxonomy":"product_cat","embeddable":true,"href":"https:\/\/disuctronicos.com\/index.php\/wp-json\/wp\/v2\/product_cat?post=831"},{"taxonomy":"product_tag","embeddable":true,"href":"https:\/\/disuctronicos.com\/index.php\/wp-json\/wp\/v2\/product_tag?post=831"}],"curies":[{"name":"wp","href":"https:\/\/api.w.org\/{rel}","templated":true}]}}