{"id":822,"date":"2022-02-19T20:10:55","date_gmt":"2022-02-20T01:10:55","guid":{"rendered":"https:\/\/disuctronicos.com\/?post_type=product&#038;p=822"},"modified":"2026-03-29T21:30:52","modified_gmt":"2026-03-30T02:30:52","slug":"capacitor-ceramico-220nf-serie-224","status":"publish","type":"product","link":"https:\/\/disuctronicos.com\/index.php\/producto\/capacitor-ceramico-220nf-serie-224\/","title":{"rendered":"Capacitor Ceramico 220nf Serie 224"},"content":{"rendered":"<p>Capacitor cer\u00e1mico 220 nf\u00a0 soportan un voltaje m\u00e1ximo de 50V serie 224,es un dispositivo pasivo, utilizado en electricidad y electr\u00f3nica, capaz de almacenar energ\u00eda sustentando un campo el\u00e9ctrico. Est\u00e1 formado por dos armaduras met\u00e1licas paralelas (generalmente de aluminio) separadas por un material diel\u00e9ctrico.<\/p>\n","protected":false},"excerpt":{"rendered":"<p>Capacitor cer\u00e1mico 220nf soportan un voltaje m\u00e1ximo de 50V serie 224<\/p>\n","protected":false},"featured_media":2820,"comment_status":"open","ping_status":"closed","template":"","meta":{"_joinchat":[]},"product_brand":[],"product_cat":[38,39],"product_tag":[402,44,77,45,368,40,23,41,43,42],"class_list":{"0":"post-822","1":"product","2":"type-product","3":"status-publish","4":"has-post-thumbnail","6":"product_cat-componentes-electronicos-audio-y-video","7":"product_cat-electronica-estudiantil","8":"product_tag-capacitor-ceramico-220-nanofaradios-serie-224","9":"product_tag-componentes","10":"product_tag-disuctronicos","11":"product_tag-electronica","12":"product_tag-electronica-estudiantil-usme","13":"product_tag-estudiante","14":"product_tag-ingeniero","15":"product_tag-proyectos","16":"product_tag-talleres","17":"product_tag-tecnologia","19":"first","20":"instock","21":"taxable","22":"shipping-taxable","23":"purchasable","24":"product-type-simple"},"_links":{"self":[{"href":"https:\/\/disuctronicos.com\/index.php\/wp-json\/wp\/v2\/product\/822","targetHints":{"allow":["GET"]}}],"collection":[{"href":"https:\/\/disuctronicos.com\/index.php\/wp-json\/wp\/v2\/product"}],"about":[{"href":"https:\/\/disuctronicos.com\/index.php\/wp-json\/wp\/v2\/types\/product"}],"replies":[{"embeddable":true,"href":"https:\/\/disuctronicos.com\/index.php\/wp-json\/wp\/v2\/comments?post=822"}],"wp:featuredmedia":[{"embeddable":true,"href":"https:\/\/disuctronicos.com\/index.php\/wp-json\/wp\/v2\/media\/2820"}],"wp:attachment":[{"href":"https:\/\/disuctronicos.com\/index.php\/wp-json\/wp\/v2\/media?parent=822"}],"wp:term":[{"taxonomy":"product_brand","embeddable":true,"href":"https:\/\/disuctronicos.com\/index.php\/wp-json\/wp\/v2\/product_brand?post=822"},{"taxonomy":"product_cat","embeddable":true,"href":"https:\/\/disuctronicos.com\/index.php\/wp-json\/wp\/v2\/product_cat?post=822"},{"taxonomy":"product_tag","embeddable":true,"href":"https:\/\/disuctronicos.com\/index.php\/wp-json\/wp\/v2\/product_tag?post=822"}],"curies":[{"name":"wp","href":"https:\/\/api.w.org\/{rel}","templated":true}]}}