{"id":792,"date":"2022-02-15T22:10:26","date_gmt":"2022-02-16T03:10:26","guid":{"rendered":"https:\/\/disuctronicos.com\/?post_type=product&#038;p=792"},"modified":"2026-03-29T22:10:51","modified_gmt":"2026-03-30T03:10:51","slug":"792","status":"publish","type":"product","link":"https:\/\/disuctronicos.com\/index.php\/producto\/792\/","title":{"rendered":"Bomba De Agua 60 Centimetros 300L\/H"},"content":{"rendered":"<p>Bomba de agua sumergible 60 CMS de bajo ruido capaz de mover hasta 300L\/H con una alimentaci\u00f3n de 110V. Dise\u00f1o anfibio, instalaci\u00f3n sumergible y totalmente resistente al agua. Ideal para proyectos proyectos relacionados con el agro, fuentes de agua o sistemas de refrigeraci\u00f3n.<\/p>\n","protected":false},"excerpt":{"rendered":"<p>Bomba de agua sumergible 60 CMS de bajo ruido capaz de mover hasta 300L\/H alimentaci\u00f3n 110V. Instalaci\u00f3n sumergible y totalmente resistente al agua<\/p>\n","protected":false},"featured_media":2842,"comment_status":"open","ping_status":"closed","template":"","meta":{"_joinchat":[]},"product_brand":[],"product_cat":[38,39],"product_tag":[414,44,77,45,368,40,23,41,43,42],"class_list":{"0":"post-792","1":"product","2":"type-product","3":"status-publish","4":"has-post-thumbnail","6":"product_cat-componentes-electronicos-audio-y-video","7":"product_cat-electronica-estudiantil","8":"product_tag-bomba-de-agua-60-centimetros-300-l-h","9":"product_tag-componentes","10":"product_tag-disuctronicos","11":"product_tag-electronica","12":"product_tag-electronica-estudiantil-usme","13":"product_tag-estudiante","14":"product_tag-ingeniero","15":"product_tag-proyectos","16":"product_tag-talleres","17":"product_tag-tecnologia","19":"first","20":"instock","21":"taxable","22":"shipping-taxable","23":"purchasable","24":"product-type-simple"},"_links":{"self":[{"href":"https:\/\/disuctronicos.com\/index.php\/wp-json\/wp\/v2\/product\/792","targetHints":{"allow":["GET"]}}],"collection":[{"href":"https:\/\/disuctronicos.com\/index.php\/wp-json\/wp\/v2\/product"}],"about":[{"href":"https:\/\/disuctronicos.com\/index.php\/wp-json\/wp\/v2\/types\/product"}],"replies":[{"embeddable":true,"href":"https:\/\/disuctronicos.com\/index.php\/wp-json\/wp\/v2\/comments?post=792"}],"wp:featuredmedia":[{"embeddable":true,"href":"https:\/\/disuctronicos.com\/index.php\/wp-json\/wp\/v2\/media\/2842"}],"wp:attachment":[{"href":"https:\/\/disuctronicos.com\/index.php\/wp-json\/wp\/v2\/media?parent=792"}],"wp:term":[{"taxonomy":"product_brand","embeddable":true,"href":"https:\/\/disuctronicos.com\/index.php\/wp-json\/wp\/v2\/product_brand?post=792"},{"taxonomy":"product_cat","embeddable":true,"href":"https:\/\/disuctronicos.com\/index.php\/wp-json\/wp\/v2\/product_cat?post=792"},{"taxonomy":"product_tag","embeddable":true,"href":"https:\/\/disuctronicos.com\/index.php\/wp-json\/wp\/v2\/product_tag?post=792"}],"curies":[{"name":"wp","href":"https:\/\/api.w.org\/{rel}","templated":true}]}}