{"id":790,"date":"2022-02-15T22:01:08","date_gmt":"2022-02-16T03:01:08","guid":{"rendered":"https:\/\/disuctronicos.com\/?post_type=product&#038;p=790"},"modified":"2026-03-29T22:13:57","modified_gmt":"2026-03-30T03:13:57","slug":"bomba-de-agua-40-cms-200-l-h","status":"publish","type":"product","link":"https:\/\/disuctronicos.com\/index.php\/producto\/bomba-de-agua-40-cms-200-l-h\/","title":{"rendered":"Bomba De Agua 40 Centimetros 200 L\/H"},"content":{"rendered":"<p>Bomba de agua sumergible 40 CMS de bajo ruido capaz de mover hasta 200L\/H con una alimentaci\u00f3n de 110V. Dise\u00f1o anfibio, instalaci\u00f3n sumergible y totalmente resistente al agua. Ideal\u00a0para proyectos proyectos relacionados con el agro, fuentes de agua o sistemas de refrigeraci\u00f3n.<\/p>\n","protected":false},"excerpt":{"rendered":"<p>Bomba de agua sumergible 40 CMS de bajo ruido capaz de mover hasta 200L\/H alimentaci\u00f3n 110V. Instalaci\u00f3n sumergible y totalmente resistente al agua.<\/p>\n","protected":false},"featured_media":2844,"comment_status":"open","ping_status":"closed","template":"","meta":{"_joinchat":[]},"product_brand":[],"product_cat":[38,39],"product_tag":[415,44,77,45,368,40,23,41,43,42],"class_list":{"0":"post-790","1":"product","2":"type-product","3":"status-publish","4":"has-post-thumbnail","6":"product_cat-componentes-electronicos-audio-y-video","7":"product_cat-electronica-estudiantil","8":"product_tag-bomba-de-agua-40-centimetros-200-l-h","9":"product_tag-componentes","10":"product_tag-disuctronicos","11":"product_tag-electronica","12":"product_tag-electronica-estudiantil-usme","13":"product_tag-estudiante","14":"product_tag-ingeniero","15":"product_tag-proyectos","16":"product_tag-talleres","17":"product_tag-tecnologia","19":"first","20":"instock","21":"taxable","22":"shipping-taxable","23":"purchasable","24":"product-type-simple"},"_links":{"self":[{"href":"https:\/\/disuctronicos.com\/index.php\/wp-json\/wp\/v2\/product\/790","targetHints":{"allow":["GET"]}}],"collection":[{"href":"https:\/\/disuctronicos.com\/index.php\/wp-json\/wp\/v2\/product"}],"about":[{"href":"https:\/\/disuctronicos.com\/index.php\/wp-json\/wp\/v2\/types\/product"}],"replies":[{"embeddable":true,"href":"https:\/\/disuctronicos.com\/index.php\/wp-json\/wp\/v2\/comments?post=790"}],"wp:featuredmedia":[{"embeddable":true,"href":"https:\/\/disuctronicos.com\/index.php\/wp-json\/wp\/v2\/media\/2844"}],"wp:attachment":[{"href":"https:\/\/disuctronicos.com\/index.php\/wp-json\/wp\/v2\/media?parent=790"}],"wp:term":[{"taxonomy":"product_brand","embeddable":true,"href":"https:\/\/disuctronicos.com\/index.php\/wp-json\/wp\/v2\/product_brand?post=790"},{"taxonomy":"product_cat","embeddable":true,"href":"https:\/\/disuctronicos.com\/index.php\/wp-json\/wp\/v2\/product_cat?post=790"},{"taxonomy":"product_tag","embeddable":true,"href":"https:\/\/disuctronicos.com\/index.php\/wp-json\/wp\/v2\/product_tag?post=790"}],"curies":[{"name":"wp","href":"https:\/\/api.w.org\/{rel}","templated":true}]}}