{"id":788,"date":"2022-02-15T21:41:18","date_gmt":"2022-02-16T02:41:18","guid":{"rendered":"https:\/\/disuctronicos.com\/?post_type=product&#038;p=788"},"modified":"2026-03-29T22:17:08","modified_gmt":"2026-03-30T03:17:08","slug":"bateria-seca-12v-7a","status":"publish","type":"product","link":"https:\/\/disuctronicos.com\/index.php\/producto\/bateria-seca-12v-7a\/","title":{"rendered":"Bateria Seca 12 Voltios 7 Amperios"},"content":{"rendered":"<p>Bateria Seca 12V\u00a0&#8211;\u00a07Ah\u00a0Sellada Recargable, son\u00a0bater\u00edas\u00a0selladas de plomo \u00e1cido, recargables, son libres de mantenimiento, por lo tanto, es a prueba de fugas, pueden proporcionar mucha energ\u00eda en comparaci\u00f3n con su peso.<\/p>\n","protected":false},"excerpt":{"rendered":"<p>Bateria Seca 12V\u00a0&#8211;\u00a07Ah\u00a0Sellada Recargable, son\u00a0bater\u00edas\u00a0selladas de plomo \u00e1cido, recargables, son libres de mantenimiento,<\/p>\n","protected":false},"featured_media":2846,"comment_status":"open","ping_status":"closed","template":"","meta":{"_joinchat":[]},"product_brand":[],"product_cat":[38,39],"product_tag":[416,44,77,45,368,40,23,41,43,42],"class_list":{"0":"post-788","1":"product","2":"type-product","3":"status-publish","4":"has-post-thumbnail","6":"product_cat-componentes-electronicos-audio-y-video","7":"product_cat-electronica-estudiantil","8":"product_tag-bateria-seca-12-voltios-7-amperios","9":"product_tag-componentes","10":"product_tag-disuctronicos","11":"product_tag-electronica","12":"product_tag-electronica-estudiantil-usme","13":"product_tag-estudiante","14":"product_tag-ingeniero","15":"product_tag-proyectos","16":"product_tag-talleres","17":"product_tag-tecnologia","19":"first","20":"instock","21":"taxable","22":"shipping-taxable","23":"purchasable","24":"product-type-simple"},"_links":{"self":[{"href":"https:\/\/disuctronicos.com\/index.php\/wp-json\/wp\/v2\/product\/788","targetHints":{"allow":["GET"]}}],"collection":[{"href":"https:\/\/disuctronicos.com\/index.php\/wp-json\/wp\/v2\/product"}],"about":[{"href":"https:\/\/disuctronicos.com\/index.php\/wp-json\/wp\/v2\/types\/product"}],"replies":[{"embeddable":true,"href":"https:\/\/disuctronicos.com\/index.php\/wp-json\/wp\/v2\/comments?post=788"}],"wp:featuredmedia":[{"embeddable":true,"href":"https:\/\/disuctronicos.com\/index.php\/wp-json\/wp\/v2\/media\/2846"}],"wp:attachment":[{"href":"https:\/\/disuctronicos.com\/index.php\/wp-json\/wp\/v2\/media?parent=788"}],"wp:term":[{"taxonomy":"product_brand","embeddable":true,"href":"https:\/\/disuctronicos.com\/index.php\/wp-json\/wp\/v2\/product_brand?post=788"},{"taxonomy":"product_cat","embeddable":true,"href":"https:\/\/disuctronicos.com\/index.php\/wp-json\/wp\/v2\/product_cat?post=788"},{"taxonomy":"product_tag","embeddable":true,"href":"https:\/\/disuctronicos.com\/index.php\/wp-json\/wp\/v2\/product_tag?post=788"}],"curies":[{"name":"wp","href":"https:\/\/api.w.org\/{rel}","templated":true}]}}