{"id":3450,"date":"2026-03-23T14:50:21","date_gmt":"2026-03-23T19:50:21","guid":{"rendered":"https:\/\/disuctronicos.com\/?post_type=product&#038;p=3450"},"modified":"2026-04-01T19:25:21","modified_gmt":"2026-04-02T00:25:21","slug":"lampara-con-tubo-germicida-8w-luz-ultravioleta","status":"publish","type":"product","link":"https:\/\/disuctronicos.com\/index.php\/producto\/lampara-con-tubo-germicida-8w-luz-ultravioleta\/","title":{"rendered":"Lampara Con Tubo Germicida 8w Luz Ultravioleta"},"content":{"rendered":"<p>Lampara completa con TUBO GERMICIDA 8W lista para conectar.<\/p>\n<p>MEDIDAS Lampara completa: Largo 32 cms,Alto 3.5 cms,Ancho 2.3 cms<\/p>\n<p>*DATOS TECNICOS DEL TUBO:<\/p>\n<p>-Potencia: 8W<br \/>\n-Largo extremo a extremo pin a pin 30 cms<br \/>\n-VIDA UTIL: 9.000 horas<br \/>\nRadiacion ultravioleta-C 253.7 nanometros, Lampara germicida de baja presion doble terminal. Emiten radiaci\u00f2n de onda corta con un pico de 253.7 nanometros (UV-C) para accion germicida. El vidrio de la l\u00e1mpara filtra la radiaci\u00f3n de formaci\u00f3n del ozono de 185 nm.<\/p>\n","protected":false},"excerpt":{"rendered":"<p>Lampara Con Tubo Germicida 8w Luz Ultravioleta<\/p>\n","protected":false},"featured_media":3451,"comment_status":"open","ping_status":"closed","template":"","meta":{"_joinchat":[]},"product_brand":[],"product_cat":[47,51],"product_tag":[52,77,84,56,54,27,30,588,28,55],"class_list":{"0":"post-3450","1":"product","2":"type-product","3":"status-publish","4":"has-post-thumbnail","6":"product_cat-iluminacion","7":"product_cat-lamparas-tubos-germicidas","8":"product_tag-desinfeccion","9":"product_tag-disuctronicos","10":"product_tag-equipos-medicos","11":"product_tag-esterilizacion","12":"product_tag-esteticas","13":"product_tag-hogar","14":"product_tag-iluminacion","15":"product_tag-lampara-con-tubo-germicida-8w-luz-ultravioleta","16":"product_tag-oficina","17":"product_tag-purificacion","19":"first","20":"instock","21":"taxable","22":"shipping-taxable","23":"purchasable","24":"product-type-simple"},"_links":{"self":[{"href":"https:\/\/disuctronicos.com\/index.php\/wp-json\/wp\/v2\/product\/3450","targetHints":{"allow":["GET"]}}],"collection":[{"href":"https:\/\/disuctronicos.com\/index.php\/wp-json\/wp\/v2\/product"}],"about":[{"href":"https:\/\/disuctronicos.com\/index.php\/wp-json\/wp\/v2\/types\/product"}],"replies":[{"embeddable":true,"href":"https:\/\/disuctronicos.com\/index.php\/wp-json\/wp\/v2\/comments?post=3450"}],"wp:featuredmedia":[{"embeddable":true,"href":"https:\/\/disuctronicos.com\/index.php\/wp-json\/wp\/v2\/media\/3451"}],"wp:attachment":[{"href":"https:\/\/disuctronicos.com\/index.php\/wp-json\/wp\/v2\/media?parent=3450"}],"wp:term":[{"taxonomy":"product_brand","embeddable":true,"href":"https:\/\/disuctronicos.com\/index.php\/wp-json\/wp\/v2\/product_brand?post=3450"},{"taxonomy":"product_cat","embeddable":true,"href":"https:\/\/disuctronicos.com\/index.php\/wp-json\/wp\/v2\/product_cat?post=3450"},{"taxonomy":"product_tag","embeddable":true,"href":"https:\/\/disuctronicos.com\/index.php\/wp-json\/wp\/v2\/product_tag?post=3450"}],"curies":[{"name":"wp","href":"https:\/\/api.w.org\/{rel}","templated":true}]}}