{"id":3374,"date":"2025-12-25T14:10:25","date_gmt":"2025-12-25T19:10:25","guid":{"rendered":"https:\/\/disuctronicos.com\/?post_type=product&#038;p=3374"},"modified":"2025-12-25T17:59:56","modified_gmt":"2025-12-25T22:59:56","slug":"bulbo-halogeno-g6-35-12v-50w","status":"publish","type":"product","link":"https:\/\/disuctronicos.com\/index.php\/producto\/bulbo-halogeno-g6-35-12v-50w\/","title":{"rendered":"Bulbo Halogeno G6.35 12V-50W"},"content":{"rendered":"<p>BULBO HALOGENO JC50 12V 50W BASE G6.35 blanco c\u00e1lido 3.500 horas vida \u00fatil. Di\u00e1metro:0.12mm<br \/>\nAltura:40 mm desde la parte superior hasta el final de los pines<\/p>\n","protected":false},"excerpt":{"rendered":"<p>Bulbo hal\u00f3geno G6.35 bipin JC50 12V-50W<\/p>\n","protected":false},"featured_media":3375,"comment_status":"open","ping_status":"closed","template":"","meta":{"_joinchat":[]},"product_brand":[],"product_cat":[47,49],"product_tag":[566,24,22,77,25,27,30,23,26,28,31],"class_list":{"0":"post-3374","1":"product","2":"type-product","3":"status-publish","4":"has-post-thumbnail","6":"product_cat-iluminacion","7":"product_cat-iluminacion-halogena","8":"product_tag-bulbohalogeno-g6-35-12v-50w","9":"product_tag-construccion","10":"product_tag-decoracion","11":"product_tag-disuctronicos","12":"product_tag-electricista","13":"product_tag-hogar","14":"product_tag-iluminacion","15":"product_tag-ingeniero","16":"product_tag-instalador","17":"product_tag-oficina","18":"product_tag-remodelacion","20":"first","21":"instock","22":"taxable","23":"shipping-taxable","24":"purchasable","25":"product-type-simple"},"_links":{"self":[{"href":"https:\/\/disuctronicos.com\/index.php\/wp-json\/wp\/v2\/product\/3374","targetHints":{"allow":["GET"]}}],"collection":[{"href":"https:\/\/disuctronicos.com\/index.php\/wp-json\/wp\/v2\/product"}],"about":[{"href":"https:\/\/disuctronicos.com\/index.php\/wp-json\/wp\/v2\/types\/product"}],"replies":[{"embeddable":true,"href":"https:\/\/disuctronicos.com\/index.php\/wp-json\/wp\/v2\/comments?post=3374"}],"wp:featuredmedia":[{"embeddable":true,"href":"https:\/\/disuctronicos.com\/index.php\/wp-json\/wp\/v2\/media\/3375"}],"wp:attachment":[{"href":"https:\/\/disuctronicos.com\/index.php\/wp-json\/wp\/v2\/media?parent=3374"}],"wp:term":[{"taxonomy":"product_brand","embeddable":true,"href":"https:\/\/disuctronicos.com\/index.php\/wp-json\/wp\/v2\/product_brand?post=3374"},{"taxonomy":"product_cat","embeddable":true,"href":"https:\/\/disuctronicos.com\/index.php\/wp-json\/wp\/v2\/product_cat?post=3374"},{"taxonomy":"product_tag","embeddable":true,"href":"https:\/\/disuctronicos.com\/index.php\/wp-json\/wp\/v2\/product_tag?post=3374"}],"curies":[{"name":"wp","href":"https:\/\/api.w.org\/{rel}","templated":true}]}}