{"id":3314,"date":"2025-07-12T18:26:27","date_gmt":"2025-07-12T23:26:27","guid":{"rendered":"https:\/\/disuctronicos.com\/?post_type=product&#038;p=3314"},"modified":"2026-01-29T19:42:27","modified_gmt":"2026-01-30T00:42:27","slug":"1-balasto-multivoltaje-con-2-tubos-germicidas-15w-ultravioleta-sockets-antivibracion-sin-base","status":"publish","type":"product","link":"https:\/\/disuctronicos.com\/index.php\/producto\/1-balasto-multivoltaje-con-2-tubos-germicidas-15w-ultravioleta-sockets-antivibracion-sin-base\/","title":{"rendered":"1 Balasto Multivoltaje Con 2 Tubos Germicidas 15w Ultravioleta-Sockets Antivibracion Sin Base"},"content":{"rendered":"<p>kit 1 balasto 2X32 Multivoltaje 127V-277V con 2 TUBOS GERMICIDAS 15W Luz Ultravioleta con Sockets Antivibracion SIN BASE.<\/p>\n<p>-LONGUITUD CADA TUBO COMPLETO SIN BASE: Socket a Socket 51.2 cms (Cada socket mide Largo: 3 cms).<br \/>\n-POTENCIA: 15W<br \/>\n-VIDA UTIL: 9.000 horas<br \/>\n-OTROS DATOS TECNICOS DEL TUBO:<br \/>\nRadiacion ultravioleta-C 254 nanometros 45cm, Lampara germicida de baja presion doble terminal. Emiten radiaci\u00f2n de onda corta con un pico de 253.7 nanometros (UV-C) para accion germicida. El vidrio de la l\u00e1mpara filtra la radiaci\u00f3n de formaci\u00f3n del ozono de 185 nm.<\/p>\n<p>-MEDIDAS BALASTO 2X32: Ancho 24 cms.Largo 4 cms.Alto 3 cms.<\/p>\n<p>&nbsp;<\/p>\n","protected":false},"excerpt":{"rendered":"<p>1 Balasto Multivoltaje Con 2 Tubos Germicidas 15w Ultravioleta-Sockets Antivibracion Sin Base<\/p>\n","protected":false},"featured_media":3340,"comment_status":"open","ping_status":"closed","template":"","meta":{"_joinchat":[]},"product_brand":[],"product_cat":[47,51],"product_tag":[52,77,84,56,54,27,30,555,28,55],"class_list":{"0":"post-3314","1":"product","2":"type-product","3":"status-publish","4":"has-post-thumbnail","6":"product_cat-iluminacion","7":"product_cat-lamparas-tubos-germicidas","8":"product_tag-desinfeccion","9":"product_tag-disuctronicos","10":"product_tag-equipos-medicos","11":"product_tag-esterilizacion","12":"product_tag-esteticas","13":"product_tag-hogar","14":"product_tag-iluminacion","15":"product_tag-kit-1-balasto-multivoltaje-con-2-tubos-germicidas-15w-sockets-antivibracion-sin-base","16":"product_tag-oficina","17":"product_tag-purificacion","19":"first","20":"instock","21":"taxable","22":"shipping-taxable","23":"purchasable","24":"product-type-simple"},"_links":{"self":[{"href":"https:\/\/disuctronicos.com\/index.php\/wp-json\/wp\/v2\/product\/3314","targetHints":{"allow":["GET"]}}],"collection":[{"href":"https:\/\/disuctronicos.com\/index.php\/wp-json\/wp\/v2\/product"}],"about":[{"href":"https:\/\/disuctronicos.com\/index.php\/wp-json\/wp\/v2\/types\/product"}],"replies":[{"embeddable":true,"href":"https:\/\/disuctronicos.com\/index.php\/wp-json\/wp\/v2\/comments?post=3314"}],"wp:featuredmedia":[{"embeddable":true,"href":"https:\/\/disuctronicos.com\/index.php\/wp-json\/wp\/v2\/media\/3340"}],"wp:attachment":[{"href":"https:\/\/disuctronicos.com\/index.php\/wp-json\/wp\/v2\/media?parent=3314"}],"wp:term":[{"taxonomy":"product_brand","embeddable":true,"href":"https:\/\/disuctronicos.com\/index.php\/wp-json\/wp\/v2\/product_brand?post=3314"},{"taxonomy":"product_cat","embeddable":true,"href":"https:\/\/disuctronicos.com\/index.php\/wp-json\/wp\/v2\/product_cat?post=3314"},{"taxonomy":"product_tag","embeddable":true,"href":"https:\/\/disuctronicos.com\/index.php\/wp-json\/wp\/v2\/product_tag?post=3314"}],"curies":[{"name":"wp","href":"https:\/\/api.w.org\/{rel}","templated":true}]}}