{"id":2148,"date":"2023-04-03T19:00:30","date_gmt":"2023-04-04T00:00:30","guid":{"rendered":"https:\/\/disuctronicos.com\/?post_type=product&#038;p=2148"},"modified":"2026-02-11T16:46:25","modified_gmt":"2026-02-11T21:46:25","slug":"arrancador-paralelo-igpa-400w","status":"publish","type":"product","link":"https:\/\/disuctronicos.com\/index.php\/producto\/arrancador-paralelo-igpa-400w\/","title":{"rendered":"Arrancador Paralelo IGPA 400W"},"content":{"rendered":"<p>Arrancador Tipo Paralelo Modelo IGPA400-02 SON(-T)(PLUS) 100-150-250-400-600W Arrancador Paralelo INADISA IGPA400-02. Arrancador paralelo capaz de producir un impulso de tensi\u00f3n de cierta duraci\u00f3n y repetici\u00f3n de manera \u00f3ptima, segura y efectiva. Adecuado para el encendido de todas las bombillas de sodio de alta presi\u00f3n est\u00e1ndar\/Plus o Super (100-150-250-400 W), su nivel de pulso est\u00e1 entre 2.8kV &#8211; 5.0kV y su aplicaci\u00f3n es exclusiva con los balastos tipo reactor de 208-277 V \/ 50-60 Hz. Otorga una p\u00e9rdida con bombilla encendida de aproximadamente 0.12W, el tap o derivaci\u00f3n en el balasto para arrancador no se utiliza y su dise\u00f1o no permite el apoyo en el balasto para su funcionamiento.<\/p>\n","protected":false},"excerpt":{"rendered":"<p>Arrancador paralelo igpa 400W<\/p>\n","protected":false},"featured_media":2149,"comment_status":"open","ping_status":"closed","template":"","meta":{"_joinchat":[]},"product_brand":[],"product_cat":[47,49],"product_tag":[116,147,24,77,25,30,23,26,41,31],"class_list":{"0":"post-2148","1":"product","2":"type-product","3":"status-publish","4":"has-post-thumbnail","6":"product_cat-iluminacion","7":"product_cat-iluminacion-halogena","8":"product_tag-alumbrado-publico","9":"product_tag-arrancador-paralelo-igpa400","10":"product_tag-construccion","11":"product_tag-disuctronicos","12":"product_tag-electricista","13":"product_tag-iluminacion","14":"product_tag-ingeniero","15":"product_tag-instalador","16":"product_tag-proyectos","17":"product_tag-remodelacion","19":"first","20":"instock","21":"taxable","22":"shipping-taxable","23":"purchasable","24":"product-type-simple"},"_links":{"self":[{"href":"https:\/\/disuctronicos.com\/index.php\/wp-json\/wp\/v2\/product\/2148","targetHints":{"allow":["GET"]}}],"collection":[{"href":"https:\/\/disuctronicos.com\/index.php\/wp-json\/wp\/v2\/product"}],"about":[{"href":"https:\/\/disuctronicos.com\/index.php\/wp-json\/wp\/v2\/types\/product"}],"replies":[{"embeddable":true,"href":"https:\/\/disuctronicos.com\/index.php\/wp-json\/wp\/v2\/comments?post=2148"}],"wp:featuredmedia":[{"embeddable":true,"href":"https:\/\/disuctronicos.com\/index.php\/wp-json\/wp\/v2\/media\/2149"}],"wp:attachment":[{"href":"https:\/\/disuctronicos.com\/index.php\/wp-json\/wp\/v2\/media?parent=2148"}],"wp:term":[{"taxonomy":"product_brand","embeddable":true,"href":"https:\/\/disuctronicos.com\/index.php\/wp-json\/wp\/v2\/product_brand?post=2148"},{"taxonomy":"product_cat","embeddable":true,"href":"https:\/\/disuctronicos.com\/index.php\/wp-json\/wp\/v2\/product_cat?post=2148"},{"taxonomy":"product_tag","embeddable":true,"href":"https:\/\/disuctronicos.com\/index.php\/wp-json\/wp\/v2\/product_tag?post=2148"}],"curies":[{"name":"wp","href":"https:\/\/api.w.org\/{rel}","templated":true}]}}