{"id":2139,"date":"2023-04-03T17:30:54","date_gmt":"2023-04-03T22:30:54","guid":{"rendered":"https:\/\/disuctronicos.com\/?post_type=product&#038;p=2139"},"modified":"2026-03-22T15:55:37","modified_gmt":"2026-03-22T20:55:37","slug":"kit-metalhar-400w-multivoltaje-120v-277v-c-bombillo","status":"publish","type":"product","link":"https:\/\/disuctronicos.com\/index.php\/producto\/kit-metalhar-400w-multivoltaje-120v-277v-c-bombillo\/","title":{"rendered":"Kit Metalhar 400W Multivoltaje 120V\/277V C\/Bombillo"},"content":{"rendered":"<p>kit metalhar 400w multivoltaje 120-277v con bombillo, envi\u00f3 6 d\u00edas h\u00e1biles despu\u00e9s de realizada la compra, el kit contiene: -reactancia 400w metalhar multivoltaje-condensador -arrancador -bombillo metalhar 400w tubular favor estar indudable sobre la compra del producto para evitar DEVOLUCIONES<\/p>\n","protected":false},"excerpt":{"rendered":"<p>Kit Metalhar 400w Multivoltaje 120V\/277V con bombillo<\/p>\n","protected":false},"featured_media":2140,"comment_status":"open","ping_status":"closed","template":"","meta":{"_joinchat":[]},"product_brand":[],"product_cat":[47,49],"product_tag":[24,22,77,25,27,30,23,26,143,41,31],"class_list":{"0":"post-2139","1":"product","2":"type-product","3":"status-publish","4":"has-post-thumbnail","6":"product_cat-iluminacion","7":"product_cat-iluminacion-halogena","8":"product_tag-construccion","9":"product_tag-decoracion","10":"product_tag-disuctronicos","11":"product_tag-electricista","12":"product_tag-hogar","13":"product_tag-iluminacion","14":"product_tag-ingeniero","15":"product_tag-instalador","16":"product_tag-kit-metalhar-400w-multivoltaje-con-bombillo","17":"product_tag-proyectos","18":"product_tag-remodelacion","20":"first","21":"instock","22":"taxable","23":"shipping-taxable","24":"purchasable","25":"product-type-simple"},"_links":{"self":[{"href":"https:\/\/disuctronicos.com\/index.php\/wp-json\/wp\/v2\/product\/2139","targetHints":{"allow":["GET"]}}],"collection":[{"href":"https:\/\/disuctronicos.com\/index.php\/wp-json\/wp\/v2\/product"}],"about":[{"href":"https:\/\/disuctronicos.com\/index.php\/wp-json\/wp\/v2\/types\/product"}],"replies":[{"embeddable":true,"href":"https:\/\/disuctronicos.com\/index.php\/wp-json\/wp\/v2\/comments?post=2139"}],"wp:featuredmedia":[{"embeddable":true,"href":"https:\/\/disuctronicos.com\/index.php\/wp-json\/wp\/v2\/media\/2140"}],"wp:attachment":[{"href":"https:\/\/disuctronicos.com\/index.php\/wp-json\/wp\/v2\/media?parent=2139"}],"wp:term":[{"taxonomy":"product_brand","embeddable":true,"href":"https:\/\/disuctronicos.com\/index.php\/wp-json\/wp\/v2\/product_brand?post=2139"},{"taxonomy":"product_cat","embeddable":true,"href":"https:\/\/disuctronicos.com\/index.php\/wp-json\/wp\/v2\/product_cat?post=2139"},{"taxonomy":"product_tag","embeddable":true,"href":"https:\/\/disuctronicos.com\/index.php\/wp-json\/wp\/v2\/product_tag?post=2139"}],"curies":[{"name":"wp","href":"https:\/\/api.w.org\/{rel}","templated":true}]}}