{"id":2081,"date":"2023-04-02T10:06:55","date_gmt":"2023-04-02T15:06:55","guid":{"rendered":"https:\/\/disuctronicos.com\/?post_type=product&#038;p=2081"},"modified":"2026-03-22T19:18:13","modified_gmt":"2026-03-23T00:18:13","slug":"bombillo-luz-mixta-250w-220v-e27","status":"publish","type":"product","link":"https:\/\/disuctronicos.com\/index.php\/producto\/bombillo-luz-mixta-250w-220v-e27\/","title":{"rendered":"Bombillo Luz Mixta 250W 220V E27"},"content":{"rendered":"<p>Las l\u00e1mparas de luz mixta 250W 220V-230V E27 puede utilizarse en lugar de las l\u00e1mparas incandescentes, NO requiere para su funcionamiento reactancia,balasto,arrancador o condensador. FUNCIONA DIRECTAMENTE A 220V Potencia nominal 250W Eficacia l\u00e1mpara (condici\u00f3n est\u00e1ndar) 21 lm\/W Flujo luminoso 5600 lm Temperatura de color 3800 K Di\u00e1metro 91.0 mm Largo 226.0 mm Temp m\u00e1x permitida ampolla exterior 350 \u00b0C Temp m\u00e1x permitida borde del casquillo 250 \u00b0C Duraci\u00f3n:10000 h Regulable:No Se requiere una luminaria cerrada:No Favor estar indudable sobre la compra del producto para evitar DEVOLUCIONES<\/p>\n","protected":false},"excerpt":{"rendered":"<p>Bombillo luz mixta 250w,220v rosca e27<\/p>\n","protected":false},"featured_media":2082,"comment_status":"open","ping_status":"closed","template":"","meta":{"_joinchat":[]},"product_brand":[],"product_cat":[47,49],"product_tag":[116,115,24,22,77,25,27,30,23,26],"class_list":{"0":"post-2081","1":"product","2":"type-product","3":"status-publish","4":"has-post-thumbnail","6":"product_cat-iluminacion","7":"product_cat-iluminacion-halogena","8":"product_tag-alumbrado-publico","9":"product_tag-bombillo-luz-mixta-250w-220v","10":"product_tag-construccion","11":"product_tag-decoracion","12":"product_tag-disuctronicos","13":"product_tag-electricista","14":"product_tag-hogar","15":"product_tag-iluminacion","16":"product_tag-ingeniero","17":"product_tag-instalador","19":"first","20":"instock","21":"sale","22":"taxable","23":"shipping-taxable","24":"purchasable","25":"product-type-simple"},"_links":{"self":[{"href":"https:\/\/disuctronicos.com\/index.php\/wp-json\/wp\/v2\/product\/2081","targetHints":{"allow":["GET"]}}],"collection":[{"href":"https:\/\/disuctronicos.com\/index.php\/wp-json\/wp\/v2\/product"}],"about":[{"href":"https:\/\/disuctronicos.com\/index.php\/wp-json\/wp\/v2\/types\/product"}],"replies":[{"embeddable":true,"href":"https:\/\/disuctronicos.com\/index.php\/wp-json\/wp\/v2\/comments?post=2081"}],"wp:featuredmedia":[{"embeddable":true,"href":"https:\/\/disuctronicos.com\/index.php\/wp-json\/wp\/v2\/media\/2082"}],"wp:attachment":[{"href":"https:\/\/disuctronicos.com\/index.php\/wp-json\/wp\/v2\/media?parent=2081"}],"wp:term":[{"taxonomy":"product_brand","embeddable":true,"href":"https:\/\/disuctronicos.com\/index.php\/wp-json\/wp\/v2\/product_brand?post=2081"},{"taxonomy":"product_cat","embeddable":true,"href":"https:\/\/disuctronicos.com\/index.php\/wp-json\/wp\/v2\/product_cat?post=2081"},{"taxonomy":"product_tag","embeddable":true,"href":"https:\/\/disuctronicos.com\/index.php\/wp-json\/wp\/v2\/product_tag?post=2081"}],"curies":[{"name":"wp","href":"https:\/\/api.w.org\/{rel}","templated":true}]}}