{"id":2049,"date":"2023-04-01T13:14:13","date_gmt":"2023-04-01T18:14:13","guid":{"rendered":"https:\/\/disuctronicos.com\/?post_type=product&#038;p=2049"},"modified":"2023-06-11T23:20:57","modified_gmt":"2023-06-12T04:20:57","slug":"caja-t-rawelt-2400-4-salidas-3-4","status":"publish","type":"product","link":"https:\/\/disuctronicos.com\/index.php\/producto\/caja-t-rawelt-2400-4-salidas-3-4\/","title":{"rendered":"Caja T\/Rawelt 2400 4 Salidas 3\/4&#8243;"},"content":{"rendered":"<p>Caja aluminio 2400 4&#215;4 tipo rawelt 4 salidas 3\/4&#8243;: -f\u00e1cil instalaci\u00f3n -fabricados en aluminio -resistente a la corrosi\u00f3n -para uso en ambientes interior y exterior<\/p>\n","protected":false},"excerpt":{"rendered":"<p>Caja aluminio t\/rawelt 2400 4&#215;4 4 salidas 3\/4<\/p>\n","protected":false},"featured_media":2050,"comment_status":"open","ping_status":"closed","template":"","meta":{"_joinchat":[]},"product_brand":[],"product_cat":[37,20],"product_tag":[104,24,22,77,25,27,30,23,26,28,31],"class_list":{"0":"post-2049","1":"product","2":"type-product","3":"status-publish","4":"has-post-thumbnail","6":"product_cat-cajas-tapas-grapas-galvanizadas","7":"product_cat-material-electrico","8":"product_tag-caja-t-rawelt-2400","9":"product_tag-construccion","10":"product_tag-decoracion","11":"product_tag-disuctronicos","12":"product_tag-electricista","13":"product_tag-hogar","14":"product_tag-iluminacion","15":"product_tag-ingeniero","16":"product_tag-instalador","17":"product_tag-oficina","18":"product_tag-remodelacion","20":"first","21":"instock","22":"taxable","23":"shipping-taxable","24":"purchasable","25":"product-type-simple"},"_links":{"self":[{"href":"https:\/\/disuctronicos.com\/index.php\/wp-json\/wp\/v2\/product\/2049","targetHints":{"allow":["GET"]}}],"collection":[{"href":"https:\/\/disuctronicos.com\/index.php\/wp-json\/wp\/v2\/product"}],"about":[{"href":"https:\/\/disuctronicos.com\/index.php\/wp-json\/wp\/v2\/types\/product"}],"replies":[{"embeddable":true,"href":"https:\/\/disuctronicos.com\/index.php\/wp-json\/wp\/v2\/comments?post=2049"}],"wp:featuredmedia":[{"embeddable":true,"href":"https:\/\/disuctronicos.com\/index.php\/wp-json\/wp\/v2\/media\/2050"}],"wp:attachment":[{"href":"https:\/\/disuctronicos.com\/index.php\/wp-json\/wp\/v2\/media?parent=2049"}],"wp:term":[{"taxonomy":"product_brand","embeddable":true,"href":"https:\/\/disuctronicos.com\/index.php\/wp-json\/wp\/v2\/product_brand?post=2049"},{"taxonomy":"product_cat","embeddable":true,"href":"https:\/\/disuctronicos.com\/index.php\/wp-json\/wp\/v2\/product_cat?post=2049"},{"taxonomy":"product_tag","embeddable":true,"href":"https:\/\/disuctronicos.com\/index.php\/wp-json\/wp\/v2\/product_tag?post=2049"}],"curies":[{"name":"wp","href":"https:\/\/api.w.org\/{rel}","templated":true}]}}