{"id":1862,"date":"2022-07-06T08:33:43","date_gmt":"2022-07-06T13:33:43","guid":{"rendered":"https:\/\/disuctronicos.com\/?post_type=product&#038;p=1862"},"modified":"2026-03-28T10:32:21","modified_gmt":"2026-03-28T15:32:21","slug":"panel-led-redondo-sobreponer-12w-l-c","status":"publish","type":"product","link":"https:\/\/disuctronicos.com\/index.php\/producto\/panel-led-redondo-sobreponer-12w-l-c\/","title":{"rendered":"Panel Led Redondo Sobreponer 12W Luz Calida"},"content":{"rendered":"<p>Panel LED redondo sobreponer 12W 6\u2033 Luz C\u00e1lida 3.200K 85V-210V CRI(RA)&gt;70% Flujo lum\u00ednico 840 Lm vida \u00fatil 20.000 horas dimensiones: 150 mm diametro,28 mm altura<\/p>\n","protected":false},"excerpt":{"rendered":"<p>Panel LED Redondo Sobreponer 12W 6\u2033 Luz C\u00e1lida<\/p>\n","protected":false},"featured_media":2563,"comment_status":"open","ping_status":"closed","template":"","meta":{"_joinchat":[]},"product_brand":[],"product_cat":[47,48],"product_tag":[24,22,77,25,27,30,23,26,28,235,31],"class_list":{"0":"post-1862","1":"product","2":"type-product","3":"status-publish","4":"has-post-thumbnail","6":"product_cat-iluminacion","7":"product_cat-iluminacion-led","8":"product_tag-construccion","9":"product_tag-decoracion","10":"product_tag-disuctronicos","11":"product_tag-electricista","12":"product_tag-hogar","13":"product_tag-iluminacion","14":"product_tag-ingeniero","15":"product_tag-instalador","16":"product_tag-oficina","17":"product_tag-panel-led-redondo-sobreponer-12w-luz-calida","18":"product_tag-remodelacion","20":"first","21":"instock","22":"taxable","23":"shipping-taxable","24":"purchasable","25":"product-type-simple"},"_links":{"self":[{"href":"https:\/\/disuctronicos.com\/index.php\/wp-json\/wp\/v2\/product\/1862","targetHints":{"allow":["GET"]}}],"collection":[{"href":"https:\/\/disuctronicos.com\/index.php\/wp-json\/wp\/v2\/product"}],"about":[{"href":"https:\/\/disuctronicos.com\/index.php\/wp-json\/wp\/v2\/types\/product"}],"replies":[{"embeddable":true,"href":"https:\/\/disuctronicos.com\/index.php\/wp-json\/wp\/v2\/comments?post=1862"}],"wp:featuredmedia":[{"embeddable":true,"href":"https:\/\/disuctronicos.com\/index.php\/wp-json\/wp\/v2\/media\/2563"}],"wp:attachment":[{"href":"https:\/\/disuctronicos.com\/index.php\/wp-json\/wp\/v2\/media?parent=1862"}],"wp:term":[{"taxonomy":"product_brand","embeddable":true,"href":"https:\/\/disuctronicos.com\/index.php\/wp-json\/wp\/v2\/product_brand?post=1862"},{"taxonomy":"product_cat","embeddable":true,"href":"https:\/\/disuctronicos.com\/index.php\/wp-json\/wp\/v2\/product_cat?post=1862"},{"taxonomy":"product_tag","embeddable":true,"href":"https:\/\/disuctronicos.com\/index.php\/wp-json\/wp\/v2\/product_tag?post=1862"}],"curies":[{"name":"wp","href":"https:\/\/api.w.org\/{rel}","templated":true}]}}