{"id":1827,"date":"2022-06-30T16:15:55","date_gmt":"2022-06-30T21:15:55","guid":{"rendered":"https:\/\/disuctronicos.com\/?post_type=product&#038;p=1827"},"modified":"2026-03-26T23:26:59","modified_gmt":"2026-03-27T04:26:59","slug":"panel-led-redondo-incrustar-9w-l-blanca","status":"publish","type":"product","link":"https:\/\/disuctronicos.com\/index.php\/producto\/panel-led-redondo-incrustar-9w-l-blanca\/","title":{"rendered":"Panel Led Redondo Incrustar 9W Luz Blanca"},"content":{"rendered":"<p>Panel LED redondo incrustar 9W 5\u2033 Luz Blanca 6.500K CRI(RA) &gt;70% Voltaje 85V-210V Flujo lum\u00ednico 720 Lm vida \u00fatil 20.000 horas dimensiones: 150 mm Total,125 mm di\u00e1metro incrustar,20 mm altura con soportes ganchos<\/p>\n","protected":false},"excerpt":{"rendered":"<p>Panel LED Redondo Incrustar 9W 5\u2033 Luz Blanca<\/p>\n","protected":false},"featured_media":2370,"comment_status":"open","ping_status":"closed","template":"","meta":{"_joinchat":[]},"product_brand":[],"product_cat":[47,48],"product_tag":[24,22,77,25,27,30,23,26,28,249,31],"class_list":{"0":"post-1827","1":"product","2":"type-product","3":"status-publish","4":"has-post-thumbnail","6":"product_cat-iluminacion","7":"product_cat-iluminacion-led","8":"product_tag-construccion","9":"product_tag-decoracion","10":"product_tag-disuctronicos","11":"product_tag-electricista","12":"product_tag-hogar","13":"product_tag-iluminacion","14":"product_tag-ingeniero","15":"product_tag-instalador","16":"product_tag-oficina","17":"product_tag-panel-led-redondo-incrustar-9w-luz-blanca","18":"product_tag-remodelacion","20":"first","21":"instock","22":"taxable","23":"shipping-taxable","24":"purchasable","25":"product-type-simple"},"_links":{"self":[{"href":"https:\/\/disuctronicos.com\/index.php\/wp-json\/wp\/v2\/product\/1827","targetHints":{"allow":["GET"]}}],"collection":[{"href":"https:\/\/disuctronicos.com\/index.php\/wp-json\/wp\/v2\/product"}],"about":[{"href":"https:\/\/disuctronicos.com\/index.php\/wp-json\/wp\/v2\/types\/product"}],"replies":[{"embeddable":true,"href":"https:\/\/disuctronicos.com\/index.php\/wp-json\/wp\/v2\/comments?post=1827"}],"wp:featuredmedia":[{"embeddable":true,"href":"https:\/\/disuctronicos.com\/index.php\/wp-json\/wp\/v2\/media\/2370"}],"wp:attachment":[{"href":"https:\/\/disuctronicos.com\/index.php\/wp-json\/wp\/v2\/media?parent=1827"}],"wp:term":[{"taxonomy":"product_brand","embeddable":true,"href":"https:\/\/disuctronicos.com\/index.php\/wp-json\/wp\/v2\/product_brand?post=1827"},{"taxonomy":"product_cat","embeddable":true,"href":"https:\/\/disuctronicos.com\/index.php\/wp-json\/wp\/v2\/product_cat?post=1827"},{"taxonomy":"product_tag","embeddable":true,"href":"https:\/\/disuctronicos.com\/index.php\/wp-json\/wp\/v2\/product_tag?post=1827"}],"curies":[{"name":"wp","href":"https:\/\/api.w.org\/{rel}","templated":true}]}}