{"id":1010,"date":"2022-03-03T21:46:31","date_gmt":"2022-03-04T02:46:31","guid":{"rendered":"https:\/\/disuctronicos.com\/?post_type=product&#038;p=1010"},"modified":"2026-01-29T19:57:32","modified_gmt":"2026-01-30T00:57:32","slug":"tubo-germicida-30w","status":"publish","type":"product","link":"https:\/\/disuctronicos.com\/index.php\/producto\/tubo-germicida-30w\/","title":{"rendered":"Tubo Germicida 30W"},"content":{"rendered":"<p>TUBO GERMICIDA.<br \/>\nPOTENCIA:30W<br \/>\nMEDIDAS: Largo extremo a extremo pin a pin 91 cms<br \/>\nVIDA UTIL: 9.000 horas<\/p>\n<p>Radiacion ultravioleta-C 254 nanometros, Lampara germicida de baja presion doble terminal. Emiten radiaci\u00f2n de onda corta con un pico de 253.7 nanometros (UV-C) para accion germicida. El vidrio de la l\u00e1mpara filtra la radiaci\u00f3n de formaci\u00f3n del ozono de 185 nm.<\/p>\n","protected":false},"excerpt":{"rendered":"<p>Tubo germicida 30W Luz Ultravioleta<\/p>\n","protected":false},"featured_media":2673,"comment_status":"open","ping_status":"closed","template":"","meta":{"_joinchat":[]},"product_brand":[],"product_cat":[47,51],"product_tag":[53,52,77,56,54,27,30,28,55,304],"class_list":{"0":"post-1010","1":"product","2":"type-product","3":"status-publish","4":"has-post-thumbnail","6":"product_cat-iluminacion","7":"product_cat-lamparas-tubos-germicidas","8":"product_tag-clinica","9":"product_tag-desinfeccion","10":"product_tag-disuctronicos","11":"product_tag-esterilizacion","12":"product_tag-esteticas","13":"product_tag-hogar","14":"product_tag-iluminacion","15":"product_tag-oficina","16":"product_tag-purificacion","17":"product_tag-tubo-germicida-30w","19":"first","20":"instock","21":"taxable","22":"shipping-taxable","23":"purchasable","24":"product-type-simple"},"_links":{"self":[{"href":"https:\/\/disuctronicos.com\/index.php\/wp-json\/wp\/v2\/product\/1010","targetHints":{"allow":["GET"]}}],"collection":[{"href":"https:\/\/disuctronicos.com\/index.php\/wp-json\/wp\/v2\/product"}],"about":[{"href":"https:\/\/disuctronicos.com\/index.php\/wp-json\/wp\/v2\/types\/product"}],"replies":[{"embeddable":true,"href":"https:\/\/disuctronicos.com\/index.php\/wp-json\/wp\/v2\/comments?post=1010"}],"wp:featuredmedia":[{"embeddable":true,"href":"https:\/\/disuctronicos.com\/index.php\/wp-json\/wp\/v2\/media\/2673"}],"wp:attachment":[{"href":"https:\/\/disuctronicos.com\/index.php\/wp-json\/wp\/v2\/media?parent=1010"}],"wp:term":[{"taxonomy":"product_brand","embeddable":true,"href":"https:\/\/disuctronicos.com\/index.php\/wp-json\/wp\/v2\/product_brand?post=1010"},{"taxonomy":"product_cat","embeddable":true,"href":"https:\/\/disuctronicos.com\/index.php\/wp-json\/wp\/v2\/product_cat?post=1010"},{"taxonomy":"product_tag","embeddable":true,"href":"https:\/\/disuctronicos.com\/index.php\/wp-json\/wp\/v2\/product_tag?post=1010"}],"curies":[{"name":"wp","href":"https:\/\/api.w.org\/{rel}","templated":true}]}}