{"id":1008,"date":"2022-03-03T21:32:09","date_gmt":"2022-03-04T02:32:09","guid":{"rendered":"https:\/\/disuctronicos.com\/?post_type=product&#038;p=1008"},"modified":"2026-01-29T19:59:42","modified_gmt":"2026-01-30T00:59:42","slug":"tubo-germicida-15w","status":"publish","type":"product","link":"https:\/\/disuctronicos.com\/index.php\/producto\/tubo-germicida-15w\/","title":{"rendered":"Tubo Germicida 15W"},"content":{"rendered":"<p>TUBO GERMICIDA.<br \/>\nPOTENCIA:15W<br \/>\nMEDIDAS: Largo extremo a extremo pin a pin 45.2 cms<br \/>\nVIDA UTIL: 9.000 horas<\/p>\n<p>Radiacion ultravioleta-C 254 nanometros 45cm, Lampara germicida de baja presion doble terminal. Emiten radiaci\u00f2n de onda corta con un pico de 253.7 nanometros (UV-C) para accion germicida. El vidrio de la l\u00e1mpara filtra la radiaci\u00f3n de formaci\u00f3n del ozono de 185 nm.<\/p>\n","protected":false},"excerpt":{"rendered":"<p>Tubo germicida 15W Luz Ultravioleta<\/p>\n","protected":false},"featured_media":2674,"comment_status":"open","ping_status":"closed","template":"","meta":{"_joinchat":[]},"product_brand":[],"product_cat":[47,51],"product_tag":[53,52,77,56,54,27,30,28,55,305],"class_list":{"0":"post-1008","1":"product","2":"type-product","3":"status-publish","4":"has-post-thumbnail","6":"product_cat-iluminacion","7":"product_cat-lamparas-tubos-germicidas","8":"product_tag-clinica","9":"product_tag-desinfeccion","10":"product_tag-disuctronicos","11":"product_tag-esterilizacion","12":"product_tag-esteticas","13":"product_tag-hogar","14":"product_tag-iluminacion","15":"product_tag-oficina","16":"product_tag-purificacion","17":"product_tag-tubo-germicida-15w","19":"first","20":"instock","21":"taxable","22":"shipping-taxable","23":"purchasable","24":"product-type-simple"},"_links":{"self":[{"href":"https:\/\/disuctronicos.com\/index.php\/wp-json\/wp\/v2\/product\/1008","targetHints":{"allow":["GET"]}}],"collection":[{"href":"https:\/\/disuctronicos.com\/index.php\/wp-json\/wp\/v2\/product"}],"about":[{"href":"https:\/\/disuctronicos.com\/index.php\/wp-json\/wp\/v2\/types\/product"}],"replies":[{"embeddable":true,"href":"https:\/\/disuctronicos.com\/index.php\/wp-json\/wp\/v2\/comments?post=1008"}],"wp:featuredmedia":[{"embeddable":true,"href":"https:\/\/disuctronicos.com\/index.php\/wp-json\/wp\/v2\/media\/2674"}],"wp:attachment":[{"href":"https:\/\/disuctronicos.com\/index.php\/wp-json\/wp\/v2\/media?parent=1008"}],"wp:term":[{"taxonomy":"product_brand","embeddable":true,"href":"https:\/\/disuctronicos.com\/index.php\/wp-json\/wp\/v2\/product_brand?post=1008"},{"taxonomy":"product_cat","embeddable":true,"href":"https:\/\/disuctronicos.com\/index.php\/wp-json\/wp\/v2\/product_cat?post=1008"},{"taxonomy":"product_tag","embeddable":true,"href":"https:\/\/disuctronicos.com\/index.php\/wp-json\/wp\/v2\/product_tag?post=1008"}],"curies":[{"name":"wp","href":"https:\/\/api.w.org\/{rel}","templated":true}]}}